{"id":652,"date":"2025-06-11T11:25:38","date_gmt":"2025-06-11T09:25:38","guid":{"rendered":"https:\/\/nccriminicaveduri.com\/hoja-informativa\/"},"modified":"2025-06-11T17:04:14","modified_gmt":"2025-06-11T15:04:14","slug":"hoja-informativa","status":"publish","type":"page","link":"https:\/\/nccriminicaveduri.com\/es\/hoja-informativa\/","title":{"rendered":"Hoja informativa"},"content":{"rendered":"\t\t<div data-elementor-type=\"wp-page\" data-elementor-id=\"652\" class=\"elementor elementor-652 elementor-607\" data-elementor-post-type=\"page\">\n\t\t\t\t<div class=\"elementor-element elementor-element-5f17e6c e-flex e-con-boxed e-con e-parent\" data-id=\"5f17e6c\" data-element_type=\"container\" data-e-type=\"container\">\n\t\t\t\t\t<div class=\"e-con-inner\">\n\t\t<div class=\"elementor-element elementor-element-6ed08b8 e-con-full e-flex e-con e-child\" data-id=\"6ed08b8\" data-element_type=\"container\" data-e-type=\"container\">\n\t\t\t\t<div class=\"elementor-element elementor-element-20c1dcf elementor-widget elementor-widget-heading\" data-id=\"20c1dcf\" data-element_type=\"widget\" data-e-type=\"widget\" data-widget_type=\"heading.default\">\n\t\t\t\t<div class=\"elementor-widget-container\">\n\t\t\t\t\t<div class=\"elementor-heading-title elementor-size-default\">Hoja informativa<\/div>\t\t\t\t<\/div>\n\t\t\t\t<\/div>\n\t\t\t\t<div class=\"elementor-element elementor-element-4408a01 elementor-widget elementor-widget-heading\" data-id=\"4408a01\" data-element_type=\"widget\" data-e-type=\"widget\" data-widget_type=\"heading.default\">\n\t\t\t\t<div class=\"elementor-widget-container\">\n\t\t\t\t\t<div class=\"elementor-heading-title elementor-size-default\">Suscr\u00edbete a mi newsletter y recibir\u00e1s un 5% de descuento para usar en tu primer viaje \u00fatil<\/div>\t\t\t\t<\/div>\n\t\t\t\t<\/div>\n\t\t\t\t<div class=\"elementor-element elementor-element-ee18aef elementor-button-align-center elementor-widget elementor-widget-form\" data-id=\"ee18aef\" data-element_type=\"widget\" data-e-type=\"widget\" data-settings=\"{&quot;step_next_label&quot;:&quot;Pr\\u00f3ximo&quot;,&quot;step_previous_label&quot;:&quot;Anterior&quot;,&quot;button_width&quot;:&quot;100&quot;,&quot;step_type&quot;:&quot;number_text&quot;,&quot;step_icon_shape&quot;:&quot;circle&quot;}\" data-widget_type=\"form.default\">\n\t\t\t\t<div class=\"elementor-widget-container\">\n\t\t\t\t\t\t\t<form class=\"elementor-form\" method=\"post\" id=\"contatto\" name=\"Hoja informativa\" aria-label=\"Hoja informativa\" novalidate=\"\">\n\t\t\t<input type=\"hidden\" name=\"post_id\" value=\"652\"\/>\n\t\t\t<input type=\"hidden\" name=\"form_id\" value=\"ee18aef\"\/>\n\t\t\t<input type=\"hidden\" name=\"referer_title\" value=\"NCC Rimini Caveduri\" \/>\n\n\t\t\t\n\t\t\t<div class=\"elementor-form-fields-wrapper elementor-labels-\">\n\t\t\t\t\t\t\t\t<div class=\"elementor-field-type-text elementor-field-group elementor-column elementor-field-group-nome elementor-col-50 elementor-field-required\">\n\t\t\t\t\t\t\t\t\t\t\t\t<label for=\"form-field-nome\" class=\"elementor-field-label elementor-screen-only\">\n\t\t\t\t\t\t\t\tNombre\t\t\t\t\t\t\t<\/label>\n\t\t\t\t\t\t\t\t\t\t\t\t\t\t<input size=\"1\" type=\"text\" name=\"form_fields[nome]\" id=\"form-field-nome\" class=\"elementor-field elementor-size-md  elementor-field-textual\" placeholder=\"Nombre\" required=\"required\">\n\t\t\t\t\t\t\t\t\t\t\t<\/div>\n\t\t\t\t\t\t\t\t<div class=\"elementor-field-type-text elementor-field-group elementor-column elementor-field-group-cognome elementor-col-50\">\n\t\t\t\t\t\t\t\t\t\t\t\t<label for=\"form-field-cognome\" class=\"elementor-field-label elementor-screen-only\">\n\t\t\t\t\t\t\t\tApellido\t\t\t\t\t\t\t<\/label>\n\t\t\t\t\t\t\t\t\t\t\t\t\t\t<input size=\"1\" type=\"text\" name=\"form_fields[cognome]\" id=\"form-field-cognome\" class=\"elementor-field elementor-size-md  elementor-field-textual\" placeholder=\"Apellido\">\n\t\t\t\t\t\t\t\t\t\t\t<\/div>\n\t\t\t\t\t\t\t\t<div class=\"elementor-field-type-email elementor-field-group elementor-column elementor-field-group-email elementor-col-50 elementor-field-required\">\n\t\t\t\t\t\t\t\t\t\t\t\t<label for=\"form-field-email\" class=\"elementor-field-label elementor-screen-only\">\n\t\t\t\t\t\t\t\tCorreo electr\u00f3nico\t\t\t\t\t\t\t<\/label>\n\t\t\t\t\t\t\t\t\t\t\t\t\t\t<input size=\"1\" type=\"email\" name=\"form_fields[email]\" id=\"form-field-email\" class=\"elementor-field elementor-size-md  elementor-field-textual\" placeholder=\"Correo electr\u00f3nico\" required=\"required\">\n\t\t\t\t\t\t\t\t\t\t\t<\/div>\n\t\t\t\t\t\t\t\t<div class=\"elementor-field-type-tel elementor-field-group elementor-column elementor-field-group-telefono elementor-col-50\">\n\t\t\t\t\t\t\t\t\t\t\t\t<label for=\"form-field-telefono\" class=\"elementor-field-label elementor-screen-only\">\n\t\t\t\t\t\t\t\tTel\u00e9fono\t\t\t\t\t\t\t<\/label>\n\t\t\t\t\t\t\t\t<input size=\"1\" type=\"tel\" name=\"form_fields[telefono]\" id=\"form-field-telefono\" class=\"elementor-field elementor-size-md  elementor-field-textual\" placeholder=\"Tel\u00e9fono\" pattern=\"[0-9()#&amp;+*-=.]+\" title=\"Solo se aceptan n\u00fameros y caracteres de tel\u00e9fono (#,-,*,etc).\">\n\n\t\t\t\t\t\t<\/div>\n\t\t\t\t\t\t\t\t<div class=\"elementor-field-type-acceptance elementor-field-group elementor-column elementor-field-group-field_65c13ef elementor-col-100 elementor-field-required\">\n\t\t\t\t\t\t\t\t\t\t\t\t<label for=\"form-field-field_65c13ef\" class=\"elementor-field-label elementor-screen-only\">\n\t\t\t\t\t\t\t\tPol\u00edtica de privacidad\t\t\t\t\t\t\t<\/label>\n\t\t\t\t\t\t\t\t<div class=\"elementor-field-subgroup\">\n\t\t\t<span class=\"elementor-field-option\">\n\t\t\t\t<input type=\"checkbox\" name=\"form_fields[field_65c13ef]\" id=\"form-field-field_65c13ef\" class=\"elementor-field elementor-size-md  elementor-acceptance-field\" required=\"required\">\n\t\t\t\t<label for=\"form-field-field_65c13ef\">Al hacer clic en SUSCRIBIRSE declaro ser consciente de que mis datos personales ser\u00e1n tratados por Caveduri Yari de acuerdo con el Reglamento (UE) 2016\/679 y la legislaci\u00f3n aplicable en materia de protecci\u00f3n de datos personales, para analizar mis caracter\u00edsticas y h\u00e1bitos de consumo y enviarme comunicaciones comerciales sobre productos y servicios en l\u00ednea con mis intereses y preferencias, con los m\u00e9todos aqu\u00ed descritos. <a target=\"_blank\" href=\"https:\/\/nccriminicaveduri.com\/es\/politica-de-privacidad\/\">Pol\u00edtica de privacidad<\/a><br><\/label>\t\t\t<\/span>\n\t\t<\/div>\n\t\t\t\t\t\t<\/div>\n\t\t\t\t\t\t\t\t<div class=\"elementor-field-group elementor-column elementor-field-type-submit elementor-col-100 e-form__buttons\">\n\t\t\t\t\t<button class=\"elementor-button elementor-size-md\" type=\"submit\">\n\t\t\t\t\t\t<span class=\"elementor-button-content-wrapper\">\n\t\t\t\t\t\t\t\t\t\t\t\t\t\t\t<span class=\"elementor-button-icon\">\n\t\t\t\t\t\t\t\t\t<svg aria-hidden=\"true\" class=\"e-font-icon-svg e-fas-paper-plane\" viewBox=\"0 0 512 512\" xmlns=\"http:\/\/www.w3.org\/2000\/svg\"><path d=\"M476 3.2L12.5 270.6c-18.1 10.4-15.8 35.6 2.2 43.2L121 358.4l287.3-253.2c5.5-4.9 13.3 2.6 8.6 8.3L176 407v80.5c0 23.6 28.5 32.9 42.5 15.8L282 426l124.6 52.2c14.2 6 30.4-2.9 33-18.2l72-432C515 7.8 493.3-6.8 476 3.2z\"><\/path><\/svg>\t\t\t\t\t\t\t\t\t\t\t\t\t\t\t\t\t<\/span>\n\t\t\t\t\t\t\t\t\t\t\t\t\t\t\t\t\t\t\t\t\t\t<span class=\"elementor-button-text\">SUSCRIBIRSE<\/span>\n\t\t\t\t\t\t\t\t\t\t\t\t\t<\/span>\n\t\t\t\t\t<\/button>\n\t\t\t\t<\/div>\n\t\t\t<\/div>\n\t\t<\/form>\n\t\t\t\t\t\t<\/div>\n\t\t\t\t<\/div>\n\t\t\t\t<\/div>\n\t\t\t\t\t<\/div>\n\t\t\t\t<\/div>\n\t\t\t\t<\/div>\n\t\t","protected":false},"excerpt":{"rendered":"<p>Suscr\u00edbete a mi newsletter y recibir\u00e1s un 5% de descuento para usar en tu primer viaje \u00fatil<\/p>\n","protected":false},"author":1,"featured_media":0,"parent":0,"menu_order":0,"comment_status":"closed","ping_status":"closed","template":"","meta":{"iawp_total_views":1,"footnotes":""},"class_list":["post-652","page","type-page","status-publish","hentry"],"yoast_head":"<!-- This site is optimized with the Yoast SEO plugin v27.4 - https:\/\/yoast.com\/product\/yoast-seo-wordpress\/ -->\n<title>Hoja informativa - NCC Rimini Caveduri<\/title>\n<meta name=\"robots\" content=\"index, follow, max-snippet:-1, max-image-preview:large, max-video-preview:-1\" \/>\n<link rel=\"canonical\" href=\"https:\/\/nccriminicaveduri.com\/es\/hoja-informativa\/\" \/>\n<meta property=\"og:locale\" content=\"es_ES\" \/>\n<meta property=\"og:type\" content=\"article\" \/>\n<meta property=\"og:title\" content=\"Hoja informativa - NCC Rimini Caveduri\" \/>\n<meta property=\"og:description\" content=\"Suscr\u00edbete a mi newsletter y recibir\u00e1s un 5% de descuento para usar en tu primer viaje \u00fatil\" \/>\n<meta property=\"og:url\" content=\"https:\/\/nccriminicaveduri.com\/es\/hoja-informativa\/\" \/>\n<meta property=\"og:site_name\" content=\"NCC Rimini Caveduri\" \/>\n<meta property=\"article:publisher\" content=\"https:\/\/www.facebook.com\/CAVEDURI\" \/>\n<meta property=\"article:modified_time\" content=\"2025-06-11T15:04:14+00:00\" \/>\n<meta name=\"twitter:card\" content=\"summary_large_image\" \/>\n<meta name=\"twitter:label1\" content=\"Tiempo de lectura\" \/>\n\t<meta name=\"twitter:data1\" content=\"1 minuto\" \/>\n<script type=\"application\/ld+json\" class=\"yoast-schema-graph\">{\"@context\":\"https:\\\/\\\/schema.org\",\"@graph\":[{\"@type\":\"WebPage\",\"@id\":\"https:\\\/\\\/nccriminicaveduri.com\\\/es\\\/hoja-informativa\\\/\",\"url\":\"https:\\\/\\\/nccriminicaveduri.com\\\/es\\\/hoja-informativa\\\/\",\"name\":\"Hoja informativa - NCC Rimini Caveduri\",\"isPartOf\":{\"@id\":\"https:\\\/\\\/nccriminicaveduri.com\\\/es\\\/#website\"},\"datePublished\":\"2025-06-11T09:25:38+00:00\",\"dateModified\":\"2025-06-11T15:04:14+00:00\",\"breadcrumb\":{\"@id\":\"https:\\\/\\\/nccriminicaveduri.com\\\/es\\\/hoja-informativa\\\/#breadcrumb\"},\"inLanguage\":\"es\",\"potentialAction\":[{\"@type\":\"ReadAction\",\"target\":[\"https:\\\/\\\/nccriminicaveduri.com\\\/es\\\/hoja-informativa\\\/\"]}]},{\"@type\":\"BreadcrumbList\",\"@id\":\"https:\\\/\\\/nccriminicaveduri.com\\\/es\\\/hoja-informativa\\\/#breadcrumb\",\"itemListElement\":[{\"@type\":\"ListItem\",\"position\":1,\"name\":\"Home\",\"item\":\"https:\\\/\\\/nccriminicaveduri.com\\\/es\\\/homepage\\\/\"},{\"@type\":\"ListItem\",\"position\":2,\"name\":\"Hoja informativa\"}]},{\"@type\":\"WebSite\",\"@id\":\"https:\\\/\\\/nccriminicaveduri.com\\\/es\\\/#website\",\"url\":\"https:\\\/\\\/nccriminicaveduri.com\\\/es\\\/\",\"name\":\"NCC Rimini Caveduri\",\"description\":\"\",\"publisher\":{\"@id\":\"https:\\\/\\\/nccriminicaveduri.com\\\/es\\\/#organization\"},\"potentialAction\":[{\"@type\":\"SearchAction\",\"target\":{\"@type\":\"EntryPoint\",\"urlTemplate\":\"https:\\\/\\\/nccriminicaveduri.com\\\/es\\\/?s={search_term_string}\"},\"query-input\":{\"@type\":\"PropertyValueSpecification\",\"valueRequired\":true,\"valueName\":\"search_term_string\"}}],\"inLanguage\":\"es\"},{\"@type\":\"Organization\",\"@id\":\"https:\\\/\\\/nccriminicaveduri.com\\\/es\\\/#organization\",\"name\":\"NCC Rimini Caveduri\",\"url\":\"https:\\\/\\\/nccriminicaveduri.com\\\/es\\\/\",\"logo\":{\"@type\":\"ImageObject\",\"inLanguage\":\"es\",\"@id\":\"https:\\\/\\\/nccriminicaveduri.com\\\/es\\\/#\\\/schema\\\/logo\\\/image\\\/\",\"url\":\"https:\\\/\\\/nccriminicaveduri.com\\\/wp-content\\\/uploads\\\/2025\\\/04\\\/cropped-2-1.png\",\"contentUrl\":\"https:\\\/\\\/nccriminicaveduri.com\\\/wp-content\\\/uploads\\\/2025\\\/04\\\/cropped-2-1.png\",\"width\":512,\"height\":512,\"caption\":\"NCC Rimini Caveduri\"},\"image\":{\"@id\":\"https:\\\/\\\/nccriminicaveduri.com\\\/es\\\/#\\\/schema\\\/logo\\\/image\\\/\"},\"sameAs\":[\"https:\\\/\\\/www.facebook.com\\\/CAVEDURI\"]}]}<\/script>\n<!-- \/ Yoast SEO plugin. -->","yoast_head_json":{"title":"Hoja informativa - NCC Rimini Caveduri","robots":{"index":"index","follow":"follow","max-snippet":"max-snippet:-1","max-image-preview":"max-image-preview:large","max-video-preview":"max-video-preview:-1"},"canonical":"https:\/\/nccriminicaveduri.com\/es\/hoja-informativa\/","og_locale":"es_ES","og_type":"article","og_title":"Hoja informativa - NCC Rimini Caveduri","og_description":"Suscr\u00edbete a mi newsletter y recibir\u00e1s un 5% de descuento para usar en tu primer viaje \u00fatil","og_url":"https:\/\/nccriminicaveduri.com\/es\/hoja-informativa\/","og_site_name":"NCC Rimini Caveduri","article_publisher":"https:\/\/www.facebook.com\/CAVEDURI","article_modified_time":"2025-06-11T15:04:14+00:00","twitter_card":"summary_large_image","twitter_misc":{"Tiempo de lectura":"1 minuto"},"schema":{"@context":"https:\/\/schema.org","@graph":[{"@type":"WebPage","@id":"https:\/\/nccriminicaveduri.com\/es\/hoja-informativa\/","url":"https:\/\/nccriminicaveduri.com\/es\/hoja-informativa\/","name":"Hoja informativa - NCC Rimini Caveduri","isPartOf":{"@id":"https:\/\/nccriminicaveduri.com\/es\/#website"},"datePublished":"2025-06-11T09:25:38+00:00","dateModified":"2025-06-11T15:04:14+00:00","breadcrumb":{"@id":"https:\/\/nccriminicaveduri.com\/es\/hoja-informativa\/#breadcrumb"},"inLanguage":"es","potentialAction":[{"@type":"ReadAction","target":["https:\/\/nccriminicaveduri.com\/es\/hoja-informativa\/"]}]},{"@type":"BreadcrumbList","@id":"https:\/\/nccriminicaveduri.com\/es\/hoja-informativa\/#breadcrumb","itemListElement":[{"@type":"ListItem","position":1,"name":"Home","item":"https:\/\/nccriminicaveduri.com\/es\/homepage\/"},{"@type":"ListItem","position":2,"name":"Hoja informativa"}]},{"@type":"WebSite","@id":"https:\/\/nccriminicaveduri.com\/es\/#website","url":"https:\/\/nccriminicaveduri.com\/es\/","name":"NCC Rimini Caveduri","description":"","publisher":{"@id":"https:\/\/nccriminicaveduri.com\/es\/#organization"},"potentialAction":[{"@type":"SearchAction","target":{"@type":"EntryPoint","urlTemplate":"https:\/\/nccriminicaveduri.com\/es\/?s={search_term_string}"},"query-input":{"@type":"PropertyValueSpecification","valueRequired":true,"valueName":"search_term_string"}}],"inLanguage":"es"},{"@type":"Organization","@id":"https:\/\/nccriminicaveduri.com\/es\/#organization","name":"NCC Rimini Caveduri","url":"https:\/\/nccriminicaveduri.com\/es\/","logo":{"@type":"ImageObject","inLanguage":"es","@id":"https:\/\/nccriminicaveduri.com\/es\/#\/schema\/logo\/image\/","url":"https:\/\/nccriminicaveduri.com\/wp-content\/uploads\/2025\/04\/cropped-2-1.png","contentUrl":"https:\/\/nccriminicaveduri.com\/wp-content\/uploads\/2025\/04\/cropped-2-1.png","width":512,"height":512,"caption":"NCC Rimini Caveduri"},"image":{"@id":"https:\/\/nccriminicaveduri.com\/es\/#\/schema\/logo\/image\/"},"sameAs":["https:\/\/www.facebook.com\/CAVEDURI"]}]}},"_links":{"self":[{"href":"https:\/\/nccriminicaveduri.com\/es\/wp-json\/wp\/v2\/pages\/652","targetHints":{"allow":["GET"]}}],"collection":[{"href":"https:\/\/nccriminicaveduri.com\/es\/wp-json\/wp\/v2\/pages"}],"about":[{"href":"https:\/\/nccriminicaveduri.com\/es\/wp-json\/wp\/v2\/types\/page"}],"author":[{"embeddable":true,"href":"https:\/\/nccriminicaveduri.com\/es\/wp-json\/wp\/v2\/users\/1"}],"replies":[{"embeddable":true,"href":"https:\/\/nccriminicaveduri.com\/es\/wp-json\/wp\/v2\/comments?post=652"}],"version-history":[{"count":4,"href":"https:\/\/nccriminicaveduri.com\/es\/wp-json\/wp\/v2\/pages\/652\/revisions"}],"predecessor-version":[{"id":662,"href":"https:\/\/nccriminicaveduri.com\/es\/wp-json\/wp\/v2\/pages\/652\/revisions\/662"}],"wp:attachment":[{"href":"https:\/\/nccriminicaveduri.com\/es\/wp-json\/wp\/v2\/media?parent=652"}],"curies":[{"name":"wp","href":"https:\/\/api.w.org\/{rel}","templated":true}]}}