{"id":350,"date":"2025-05-28T13:38:31","date_gmt":"2025-05-28T11:38:31","guid":{"rendered":"https:\/\/nccriminicaveduri.com\/qui-sont-ils\/"},"modified":"2025-05-30T09:35:40","modified_gmt":"2025-05-30T07:35:40","slug":"qui-sont-ils","status":"publish","type":"page","link":"https:\/\/nccriminicaveduri.com\/fr\/qui-sont-ils\/","title":{"rendered":"Qui sont-ils ?"},"content":{"rendered":"\t\t<div data-elementor-type=\"wp-page\" data-elementor-id=\"350\" class=\"elementor elementor-350 elementor-294\" data-elementor-post-type=\"page\">\n\t\t\t\t<div class=\"elementor-element elementor-element-43773691 e-flex e-con-boxed e-con e-parent\" data-id=\"43773691\" data-element_type=\"container\" data-e-type=\"container\" data-settings=\"{&quot;background_background&quot;:&quot;gradient&quot;}\">\n\t\t\t\t\t<div class=\"e-con-inner\">\n\t\t<div class=\"elementor-element elementor-element-4eecb95c e-con-full e-flex e-con e-child\" data-id=\"4eecb95c\" data-element_type=\"container\" data-e-type=\"container\">\n\t\t\t\t<div class=\"elementor-element elementor-element-69daa235 elementor-widget__width-inherit elementor-invisible elementor-widget elementor-widget-image\" data-id=\"69daa235\" data-element_type=\"widget\" data-e-type=\"widget\" data-settings=\"{&quot;_animation&quot;:&quot;fadeIn&quot;}\" data-widget_type=\"image.default\">\n\t\t\t\t<div class=\"elementor-widget-container\">\n\t\t\t\t\t\t\t\t\t\t\t\t\t\t\t<img fetchpriority=\"high\" decoding=\"async\" width=\"683\" height=\"1024\" src=\"https:\/\/nccriminicaveduri.com\/wp-content\/uploads\/2025\/05\/cinematic-06-683x1024.jpg\" class=\"attachment-large size-large wp-image-314\" alt=\"\" srcset=\"https:\/\/nccriminicaveduri.com\/wp-content\/uploads\/2025\/05\/cinematic-06-683x1024.jpg 683w, https:\/\/nccriminicaveduri.com\/wp-content\/uploads\/2025\/05\/cinematic-06-200x300.jpg 200w, https:\/\/nccriminicaveduri.com\/wp-content\/uploads\/2025\/05\/cinematic-06-768x1152.jpg 768w, https:\/\/nccriminicaveduri.com\/wp-content\/uploads\/2025\/05\/cinematic-06-1024x1536.jpg 1024w, https:\/\/nccriminicaveduri.com\/wp-content\/uploads\/2025\/05\/cinematic-06-1366x2048.jpg 1366w, https:\/\/nccriminicaveduri.com\/wp-content\/uploads\/2025\/05\/cinematic-06.jpg 1707w\" sizes=\"(max-width: 683px) 100vw, 683px\" \/>\t\t\t\t\t\t\t\t\t\t\t\t\t\t\t<\/div>\n\t\t\t\t<\/div>\n\t\t\t\t<\/div>\n\t\t<div class=\"elementor-element elementor-element-66a26ad0 e-con-full e-flex e-con e-child\" data-id=\"66a26ad0\" data-element_type=\"container\" data-e-type=\"container\">\n\t\t\t\t<div class=\"elementor-element elementor-element-47d4fa8d elementor-widget__width-initial elementor-invisible elementor-widget elementor-widget-image\" data-id=\"47d4fa8d\" data-element_type=\"widget\" data-e-type=\"widget\" data-settings=\"{&quot;_animation&quot;:&quot;fadeInDown&quot;,&quot;_animation_tablet&quot;:&quot;fadeInRight&quot;,&quot;_animation_delay&quot;:&quot;200&quot;}\" data-widget_type=\"image.default\">\n\t\t\t\t<div class=\"elementor-widget-container\">\n\t\t\t\t\t\t\t\t\t\t\t\t\t\t\t<img decoding=\"async\" width=\"800\" height=\"534\" src=\"https:\/\/nccriminicaveduri.com\/wp-content\/uploads\/2025\/05\/4666l-1024x683.jpg\" class=\"attachment-large size-large wp-image-310\" alt=\"\" srcset=\"https:\/\/nccriminicaveduri.com\/wp-content\/uploads\/2025\/05\/4666l-1024x683.jpg 1024w, https:\/\/nccriminicaveduri.com\/wp-content\/uploads\/2025\/05\/4666l-300x200.jpg 300w, https:\/\/nccriminicaveduri.com\/wp-content\/uploads\/2025\/05\/4666l-768x512.jpg 768w, https:\/\/nccriminicaveduri.com\/wp-content\/uploads\/2025\/05\/4666l-1536x1024.jpg 1536w, https:\/\/nccriminicaveduri.com\/wp-content\/uploads\/2025\/05\/4666l-2048x1366.jpg 2048w\" sizes=\"(max-width: 800px) 100vw, 800px\" \/>\t\t\t\t\t\t\t\t\t\t\t\t\t\t\t<\/div>\n\t\t\t\t<\/div>\n\t\t\t\t<div class=\"elementor-element elementor-element-4885e1ae elementor-widget__width-initial elementor-invisible elementor-widget elementor-widget-image\" data-id=\"4885e1ae\" data-element_type=\"widget\" data-e-type=\"widget\" data-settings=\"{&quot;_animation&quot;:&quot;fadeInDown&quot;,&quot;_animation_tablet&quot;:&quot;fadeInLeft&quot;}\" data-widget_type=\"image.default\">\n\t\t\t\t<div class=\"elementor-widget-container\">\n\t\t\t\t\t\t\t\t\t\t\t\t\t\t\t<img decoding=\"async\" width=\"800\" height=\"534\" src=\"https:\/\/nccriminicaveduri.com\/wp-content\/uploads\/2025\/05\/zx-1024x683.jpg\" class=\"attachment-large size-large wp-image-318\" alt=\"\" srcset=\"https:\/\/nccriminicaveduri.com\/wp-content\/uploads\/2025\/05\/zx-1024x683.jpg 1024w, https:\/\/nccriminicaveduri.com\/wp-content\/uploads\/2025\/05\/zx-300x200.jpg 300w, https:\/\/nccriminicaveduri.com\/wp-content\/uploads\/2025\/05\/zx-768x512.jpg 768w, https:\/\/nccriminicaveduri.com\/wp-content\/uploads\/2025\/05\/zx-1536x1024.jpg 1536w, https:\/\/nccriminicaveduri.com\/wp-content\/uploads\/2025\/05\/zx-2048x1366.jpg 2048w\" sizes=\"(max-width: 800px) 100vw, 800px\" \/>\t\t\t\t\t\t\t\t\t\t\t\t\t\t\t<\/div>\n\t\t\t\t<\/div>\n\t\t\t\t<div class=\"elementor-element elementor-element-4e5b5ac elementor-widget elementor-widget-heading\" data-id=\"4e5b5ac\" data-element_type=\"widget\" data-e-type=\"widget\" data-widget_type=\"heading.default\">\n\t\t\t\t<div class=\"elementor-widget-container\">\n\t\t\t\t\t<h2 class=\"elementor-heading-title elementor-size-default\">Qui sont-ils ?<\/h2>\t\t\t\t<\/div>\n\t\t\t\t<\/div>\n\t\t\t\t<div class=\"elementor-element elementor-element-53404f34 elementor-invisible elementor-widget elementor-widget-text-editor\" data-id=\"53404f34\" data-element_type=\"widget\" data-e-type=\"widget\" data-settings=\"{&quot;_animation&quot;:&quot;fadeInUp&quot;}\" data-widget_type=\"text-editor.default\">\n\t\t\t\t<div class=\"elementor-widget-container\">\n\t\t\t\t\t\t\t\t\t<p>Yari Caveduri est un personal driver qui op\u00e8re dans le secteur de la location de voitures avec chauffeur, dans la province de Rimini, avec un permis r\u00e9gulier d\u00e9livr\u00e9 par la municipalit\u00e9 de Rimini.<\/p><p>Sp\u00e9cialis\u00e9e dans le transport de personnes vers et depuis toutes les destinations en Italie et \u00e0 l\u2019\u00e9tranger, dans le transfers vers et depuis les a\u00e9roports, les ports et les gares,services disponibles et navette pour excursions touristiques, sorties shopping et restaurants.<\/p><p>La voitures disponible est une luxeuse Mercedes classe V avec toutes les options pouvant accuellir jusqu&rsquo;\u00e0 SIX passengers<\/p>\t\t\t\t\t\t\t\t<\/div>\n\t\t\t\t<\/div>\n\t\t\t\t<\/div>\n\t\t\t\t\t<\/div>\n\t\t\t\t<\/div>\n\t\t\t\t<\/div>\n\t\t","protected":false},"excerpt":{"rendered":"<p>Yari Caveduri est un personal driver qui op\u00e8re dans le secteur de la location de voitures avec chauffeur, dans la province de Rimini, avec un permis r\u00e9gulier d\u00e9livr\u00e9 par la municipalit\u00e9 de Rimini. Sp\u00e9cialis\u00e9e dans le transport de personnes vers et depuis toutes les destinations en Italie et \u00e0 l\u2019\u00e9tranger, dans le transfers vers et [&hellip;]<\/p>\n","protected":false},"author":1,"featured_media":0,"parent":0,"menu_order":0,"comment_status":"closed","ping_status":"closed","template":"","meta":{"iawp_total_views":3,"footnotes":""},"class_list":["post-350","page","type-page","status-publish","hentry"],"yoast_head":"<!-- This site is optimized with the Yoast SEO plugin v27.4 - https:\/\/yoast.com\/product\/yoast-seo-wordpress\/ -->\n<title>Qui sont-ils ? - NCC Rimini Caveduri<\/title>\n<meta name=\"robots\" content=\"index, follow, max-snippet:-1, max-image-preview:large, max-video-preview:-1\" \/>\n<link rel=\"canonical\" href=\"https:\/\/nccriminicaveduri.com\/fr\/qui-sont-ils\/\" \/>\n<meta property=\"og:locale\" content=\"fr_FR\" \/>\n<meta property=\"og:type\" content=\"article\" \/>\n<meta property=\"og:title\" content=\"Qui sont-ils ? - NCC Rimini Caveduri\" \/>\n<meta property=\"og:description\" content=\"Yari Caveduri est un personal driver qui op\u00e8re dans le secteur de la location de voitures avec chauffeur, dans la province de Rimini, avec un permis r\u00e9gulier d\u00e9livr\u00e9 par la municipalit\u00e9 de Rimini. Sp\u00e9cialis\u00e9e dans le transport de personnes vers et depuis toutes les destinations en Italie et \u00e0 l\u2019\u00e9tranger, dans le transfers vers et [&hellip;]\" \/>\n<meta property=\"og:url\" content=\"https:\/\/nccriminicaveduri.com\/fr\/qui-sont-ils\/\" \/>\n<meta property=\"og:site_name\" content=\"NCC Rimini Caveduri\" \/>\n<meta property=\"article:publisher\" content=\"https:\/\/www.facebook.com\/CAVEDURI\" \/>\n<meta property=\"article:modified_time\" content=\"2025-05-30T07:35:40+00:00\" \/>\n<meta property=\"og:image\" content=\"https:\/\/nccriminicaveduri.com\/wp-content\/uploads\/2025\/05\/cinematic-06-683x1024.jpg\" \/>\n<meta name=\"twitter:card\" content=\"summary_large_image\" \/>\n<script type=\"application\/ld+json\" class=\"yoast-schema-graph\">{\"@context\":\"https:\\\/\\\/schema.org\",\"@graph\":[{\"@type\":\"WebPage\",\"@id\":\"https:\\\/\\\/nccriminicaveduri.com\\\/fr\\\/qui-sont-ils\\\/\",\"url\":\"https:\\\/\\\/nccriminicaveduri.com\\\/fr\\\/qui-sont-ils\\\/\",\"name\":\"Qui sont-ils ? - NCC Rimini Caveduri\",\"isPartOf\":{\"@id\":\"https:\\\/\\\/nccriminicaveduri.com\\\/fr\\\/#website\"},\"primaryImageOfPage\":{\"@id\":\"https:\\\/\\\/nccriminicaveduri.com\\\/fr\\\/qui-sont-ils\\\/#primaryimage\"},\"image\":{\"@id\":\"https:\\\/\\\/nccriminicaveduri.com\\\/fr\\\/qui-sont-ils\\\/#primaryimage\"},\"thumbnailUrl\":\"https:\\\/\\\/nccriminicaveduri.com\\\/wp-content\\\/uploads\\\/2025\\\/05\\\/cinematic-06-683x1024.jpg\",\"datePublished\":\"2025-05-28T11:38:31+00:00\",\"dateModified\":\"2025-05-30T07:35:40+00:00\",\"breadcrumb\":{\"@id\":\"https:\\\/\\\/nccriminicaveduri.com\\\/fr\\\/qui-sont-ils\\\/#breadcrumb\"},\"inLanguage\":\"fr-FR\",\"potentialAction\":[{\"@type\":\"ReadAction\",\"target\":[\"https:\\\/\\\/nccriminicaveduri.com\\\/fr\\\/qui-sont-ils\\\/\"]}]},{\"@type\":\"ImageObject\",\"inLanguage\":\"fr-FR\",\"@id\":\"https:\\\/\\\/nccriminicaveduri.com\\\/fr\\\/qui-sont-ils\\\/#primaryimage\",\"url\":\"https:\\\/\\\/nccriminicaveduri.com\\\/wp-content\\\/uploads\\\/2025\\\/05\\\/cinematic-06-683x1024.jpg\",\"contentUrl\":\"https:\\\/\\\/nccriminicaveduri.com\\\/wp-content\\\/uploads\\\/2025\\\/05\\\/cinematic-06-683x1024.jpg\"},{\"@type\":\"BreadcrumbList\",\"@id\":\"https:\\\/\\\/nccriminicaveduri.com\\\/fr\\\/qui-sont-ils\\\/#breadcrumb\",\"itemListElement\":[{\"@type\":\"ListItem\",\"position\":1,\"name\":\"Home\",\"item\":\"https:\\\/\\\/nccriminicaveduri.com\\\/fr\\\/homepage\\\/\"},{\"@type\":\"ListItem\",\"position\":2,\"name\":\"Qui sont-ils ?\"}]},{\"@type\":\"WebSite\",\"@id\":\"https:\\\/\\\/nccriminicaveduri.com\\\/fr\\\/#website\",\"url\":\"https:\\\/\\\/nccriminicaveduri.com\\\/fr\\\/\",\"name\":\"NCC Rimini Caveduri\",\"description\":\"\",\"publisher\":{\"@id\":\"https:\\\/\\\/nccriminicaveduri.com\\\/fr\\\/#organization\"},\"potentialAction\":[{\"@type\":\"SearchAction\",\"target\":{\"@type\":\"EntryPoint\",\"urlTemplate\":\"https:\\\/\\\/nccriminicaveduri.com\\\/fr\\\/?s={search_term_string}\"},\"query-input\":{\"@type\":\"PropertyValueSpecification\",\"valueRequired\":true,\"valueName\":\"search_term_string\"}}],\"inLanguage\":\"fr-FR\"},{\"@type\":\"Organization\",\"@id\":\"https:\\\/\\\/nccriminicaveduri.com\\\/fr\\\/#organization\",\"name\":\"NCC Rimini Caveduri\",\"url\":\"https:\\\/\\\/nccriminicaveduri.com\\\/fr\\\/\",\"logo\":{\"@type\":\"ImageObject\",\"inLanguage\":\"fr-FR\",\"@id\":\"https:\\\/\\\/nccriminicaveduri.com\\\/fr\\\/#\\\/schema\\\/logo\\\/image\\\/\",\"url\":\"https:\\\/\\\/nccriminicaveduri.com\\\/wp-content\\\/uploads\\\/2025\\\/04\\\/cropped-2-1.png\",\"contentUrl\":\"https:\\\/\\\/nccriminicaveduri.com\\\/wp-content\\\/uploads\\\/2025\\\/04\\\/cropped-2-1.png\",\"width\":512,\"height\":512,\"caption\":\"NCC Rimini Caveduri\"},\"image\":{\"@id\":\"https:\\\/\\\/nccriminicaveduri.com\\\/fr\\\/#\\\/schema\\\/logo\\\/image\\\/\"},\"sameAs\":[\"https:\\\/\\\/www.facebook.com\\\/CAVEDURI\"]}]}<\/script>\n<!-- \/ Yoast SEO plugin. -->","yoast_head_json":{"title":"Qui sont-ils ? - NCC Rimini Caveduri","robots":{"index":"index","follow":"follow","max-snippet":"max-snippet:-1","max-image-preview":"max-image-preview:large","max-video-preview":"max-video-preview:-1"},"canonical":"https:\/\/nccriminicaveduri.com\/fr\/qui-sont-ils\/","og_locale":"fr_FR","og_type":"article","og_title":"Qui sont-ils ? - NCC Rimini Caveduri","og_description":"Yari Caveduri est un personal driver qui op\u00e8re dans le secteur de la location de voitures avec chauffeur, dans la province de Rimini, avec un permis r\u00e9gulier d\u00e9livr\u00e9 par la municipalit\u00e9 de Rimini. Sp\u00e9cialis\u00e9e dans le transport de personnes vers et depuis toutes les destinations en Italie et \u00e0 l\u2019\u00e9tranger, dans le transfers vers et [&hellip;]","og_url":"https:\/\/nccriminicaveduri.com\/fr\/qui-sont-ils\/","og_site_name":"NCC Rimini Caveduri","article_publisher":"https:\/\/www.facebook.com\/CAVEDURI","article_modified_time":"2025-05-30T07:35:40+00:00","og_image":[{"url":"https:\/\/nccriminicaveduri.com\/wp-content\/uploads\/2025\/05\/cinematic-06-683x1024.jpg","type":"","width":"","height":""}],"twitter_card":"summary_large_image","schema":{"@context":"https:\/\/schema.org","@graph":[{"@type":"WebPage","@id":"https:\/\/nccriminicaveduri.com\/fr\/qui-sont-ils\/","url":"https:\/\/nccriminicaveduri.com\/fr\/qui-sont-ils\/","name":"Qui sont-ils ? - NCC Rimini Caveduri","isPartOf":{"@id":"https:\/\/nccriminicaveduri.com\/fr\/#website"},"primaryImageOfPage":{"@id":"https:\/\/nccriminicaveduri.com\/fr\/qui-sont-ils\/#primaryimage"},"image":{"@id":"https:\/\/nccriminicaveduri.com\/fr\/qui-sont-ils\/#primaryimage"},"thumbnailUrl":"https:\/\/nccriminicaveduri.com\/wp-content\/uploads\/2025\/05\/cinematic-06-683x1024.jpg","datePublished":"2025-05-28T11:38:31+00:00","dateModified":"2025-05-30T07:35:40+00:00","breadcrumb":{"@id":"https:\/\/nccriminicaveduri.com\/fr\/qui-sont-ils\/#breadcrumb"},"inLanguage":"fr-FR","potentialAction":[{"@type":"ReadAction","target":["https:\/\/nccriminicaveduri.com\/fr\/qui-sont-ils\/"]}]},{"@type":"ImageObject","inLanguage":"fr-FR","@id":"https:\/\/nccriminicaveduri.com\/fr\/qui-sont-ils\/#primaryimage","url":"https:\/\/nccriminicaveduri.com\/wp-content\/uploads\/2025\/05\/cinematic-06-683x1024.jpg","contentUrl":"https:\/\/nccriminicaveduri.com\/wp-content\/uploads\/2025\/05\/cinematic-06-683x1024.jpg"},{"@type":"BreadcrumbList","@id":"https:\/\/nccriminicaveduri.com\/fr\/qui-sont-ils\/#breadcrumb","itemListElement":[{"@type":"ListItem","position":1,"name":"Home","item":"https:\/\/nccriminicaveduri.com\/fr\/homepage\/"},{"@type":"ListItem","position":2,"name":"Qui sont-ils ?"}]},{"@type":"WebSite","@id":"https:\/\/nccriminicaveduri.com\/fr\/#website","url":"https:\/\/nccriminicaveduri.com\/fr\/","name":"NCC Rimini Caveduri","description":"","publisher":{"@id":"https:\/\/nccriminicaveduri.com\/fr\/#organization"},"potentialAction":[{"@type":"SearchAction","target":{"@type":"EntryPoint","urlTemplate":"https:\/\/nccriminicaveduri.com\/fr\/?s={search_term_string}"},"query-input":{"@type":"PropertyValueSpecification","valueRequired":true,"valueName":"search_term_string"}}],"inLanguage":"fr-FR"},{"@type":"Organization","@id":"https:\/\/nccriminicaveduri.com\/fr\/#organization","name":"NCC Rimini Caveduri","url":"https:\/\/nccriminicaveduri.com\/fr\/","logo":{"@type":"ImageObject","inLanguage":"fr-FR","@id":"https:\/\/nccriminicaveduri.com\/fr\/#\/schema\/logo\/image\/","url":"https:\/\/nccriminicaveduri.com\/wp-content\/uploads\/2025\/04\/cropped-2-1.png","contentUrl":"https:\/\/nccriminicaveduri.com\/wp-content\/uploads\/2025\/04\/cropped-2-1.png","width":512,"height":512,"caption":"NCC Rimini Caveduri"},"image":{"@id":"https:\/\/nccriminicaveduri.com\/fr\/#\/schema\/logo\/image\/"},"sameAs":["https:\/\/www.facebook.com\/CAVEDURI"]}]}},"_links":{"self":[{"href":"https:\/\/nccriminicaveduri.com\/fr\/wp-json\/wp\/v2\/pages\/350","targetHints":{"allow":["GET"]}}],"collection":[{"href":"https:\/\/nccriminicaveduri.com\/fr\/wp-json\/wp\/v2\/pages"}],"about":[{"href":"https:\/\/nccriminicaveduri.com\/fr\/wp-json\/wp\/v2\/types\/page"}],"author":[{"embeddable":true,"href":"https:\/\/nccriminicaveduri.com\/fr\/wp-json\/wp\/v2\/users\/1"}],"replies":[{"embeddable":true,"href":"https:\/\/nccriminicaveduri.com\/fr\/wp-json\/wp\/v2\/comments?post=350"}],"version-history":[{"count":3,"href":"https:\/\/nccriminicaveduri.com\/fr\/wp-json\/wp\/v2\/pages\/350\/revisions"}],"predecessor-version":[{"id":362,"href":"https:\/\/nccriminicaveduri.com\/fr\/wp-json\/wp\/v2\/pages\/350\/revisions\/362"}],"wp:attachment":[{"href":"https:\/\/nccriminicaveduri.com\/fr\/wp-json\/wp\/v2\/media?parent=350"}],"curies":[{"name":"wp","href":"https:\/\/api.w.org\/{rel}","templated":true}]}}